{"id":2,"date":"2010-02-01T15:33:29","date_gmt":"2010-02-01T15:33:29","guid":{"rendered":"http:\/\/www.lenilykke.dk\/?page_id=2"},"modified":"2010-02-18T09:19:46","modified_gmt":"2010-02-18T08:19:46","slug":"om","status":"publish","type":"page","link":"http:\/\/www.lenilykke.dk\/?page_id=2","title":{"rendered":"Hvem er jeg"},"content":{"rendered":"<p>Jeg er f\u00f8dt i Valby i 1964 og er mor til to dejlige b\u00f8rn, min s\u00f8n fik jeg i 1987 og min datter i 1991.<\/p>\n<p>Jeg fik i min f\u00f8rste graviditet en meget sv\u00e6r b\u00e6kkenl\u00f8sning som ogs\u00e5 p\u00e5virkede graviditet nr. 2.<\/p>\n<p>Det offentlige kunne kun tilbyde operation med 50 % chance for at sidde i k\u00f8restol resten af mit liv samt lindrende behandling hos fysioterapeut, og smertestillende behandling i form af medicin. Det kunne jeg slet ikke leve med, s\u00e5 jeg s\u00f8gte og fandt\u2026\u2026<\/p>\n<p>Jeg var til foredrag hos en Kranio Sakral Terapeut (KST), og det var gennembruddet for mig. Her fik jeg den behandling som jeg havde brug for til at komme videre. Da jeg kunne se hvor meget bedre jeg fik det, fik jeg selv lyst til at l\u00e6se mere om KST og tog efterf\u00f8lgende kurser. Jeg har siden behandlet med KST.<\/p>\n<p>Det udviklede sig i 2007 til at jeg ogs\u00e5 blev uddannet som Tankefelt Terapeut (TFT)og Regressions Terapeut.<\/p>\n<p>I for\u00e5ret 2009 blev jeg uddannet certificeret Coach fordi dette yderligere kan bidrage til mit arbejde. Med de tre behandlingsformer KST, TFT, Regressions Terapi sammen med Coaching kan jeg tilbyde den ideelle kombinations behandling til mine klienter, der har s\u00e5vel fysiske som psykiske opgaver, de beder mig om hj\u00e6lp til at f\u00e5 l\u00f8st.<\/p>\n","protected":false},"excerpt":{"rendered":"<p>Jeg er f\u00f8dt i Valby i 1964 og er mor til to dejlige b\u00f8rn, min s\u00f8n fik jeg i 1987 og min datter i 1991. Jeg fik i min f\u00f8rste graviditet en meget sv\u00e6r b\u00e6kkenl\u00f8sning som ogs\u00e5 p\u00e5virkede graviditet nr. 2. Det offentlige kunne kun tilbyde operation med 50 % chance for at sidde i [&hellip;]<\/p>\n","protected":false},"author":1,"featured_media":0,"parent":0,"menu_order":2,"comment_status":"closed","ping_status":"open","template":"","meta":{"footnotes":""},"class_list":["post-2","page","type-page","status-publish","hentry"],"aioseo_notices":[],"_links":{"self":[{"href":"http:\/\/www.lenilykke.dk\/index.php?rest_route=\/wp\/v2\/pages\/2","targetHints":{"allow":["GET"]}}],"collection":[{"href":"http:\/\/www.lenilykke.dk\/index.php?rest_route=\/wp\/v2\/pages"}],"about":[{"href":"http:\/\/www.lenilykke.dk\/index.php?rest_route=\/wp\/v2\/types\/page"}],"author":[{"embeddable":true,"href":"http:\/\/www.lenilykke.dk\/index.php?rest_route=\/wp\/v2\/users\/1"}],"replies":[{"embeddable":true,"href":"http:\/\/www.lenilykke.dk\/index.php?rest_route=%2Fwp%2Fv2%2Fcomments&post=2"}],"version-history":[{"count":10,"href":"http:\/\/www.lenilykke.dk\/index.php?rest_route=\/wp\/v2\/pages\/2\/revisions"}],"predecessor-version":[{"id":88,"href":"http:\/\/www.lenilykke.dk\/index.php?rest_route=\/wp\/v2\/pages\/2\/revisions\/88"}],"wp:attachment":[{"href":"http:\/\/www.lenilykke.dk\/index.php?rest_route=%2Fwp%2Fv2%2Fmedia&parent=2"}],"curies":[{"name":"wp","href":"https:\/\/api.w.org\/{rel}","templated":true}]}}