{"id":4,"date":"2010-02-10T15:09:45","date_gmt":"2010-02-10T14:09:45","guid":{"rendered":"http:\/\/www.lenilykke.dk\/?page_id=4"},"modified":"2010-02-18T09:50:45","modified_gmt":"2010-02-18T08:50:45","slug":"kranio-sakral-terapi","status":"publish","type":"page","link":"http:\/\/www.lenilykke.dk\/?page_id=4","title":{"rendered":"Kranio-Sakral Terapi"},"content":{"rendered":"<p>Kranio-sakral systemet best\u00e5r af knogler i kraniet, ansigtet, rygs\u00f8jlen og korsbenet (sacrum), membranerne (hjernehinderne), som holder hjernen p\u00e5 plads i forhold til disse knogler og v\u00e6ske (cerebrospinalv\u00e6sken), som cirkulerer omkring hjernen og rygmarven. V\u00e6sken er n\u00f8dvendig for at hjernecellerne kan f\u00e5 n\u00e6ring og udskille affald. Denne v\u00e6ske virker ogs\u00e5 som hydraulisk st\u00f8dd\u00e6mper for at beskytte hjernen, f.eks. ved slag p\u00e5 kraniet.<\/p>\n<p>Problemer i kranio sakral systemet kan stamme fra f\u00f8dslen, en ulykke eller et slag i hovedet, ryggen, korsbenet eller halebenet. Problemet kan ogs\u00e5 komme gradvist fra en d\u00e5rlig kropsholdnig<\/p>\n<p>HVORDAN FOREG\u00c5R EN BEHANDLING.<\/p>\n<p>Du ligger p\u00e5 briksen fuld p\u00e5kl\u00e6dt. P\u00e5 hoved, nakke, ryggen, og korsbenet anvender jeg et meget let tryk, ca. 5 gram, (svarende til v\u00e6gten af et stykke A4 papir) og du vil opleve en dyb form for afsp\u00e6nding.<\/p>\n<p>DET KAN V\u00c6RE KST KAN HJ\u00c6LPE DIG.<\/p>\n<p>Nogle gange kan disse symptomer v\u00e6re et tegn p\u00e5 sygdom, men i de fleste tilf\u00e6lde er det \u201dbare stress\u201d- hvor KST kan v\u00e6re effektiv<\/p>\n<table style=\"width: 100%; height: 163px;\" border=\"0\" cellspacing=\"2\" align=\"center\">\n<tbody>\n<tr>\n<td style=\"width: 33%;\" valign=\"top\">Allergi<\/td>\n<td style=\"width: 33%;\" valign=\"top\">Forh\u00f8jet blodtryk<\/td>\n<td style=\"width: 33%;\" valign=\"top\">Stress<\/td>\n<\/tr>\n<tr>\n<td>Depression<\/td>\n<td>Migr\u00e6ne<\/td>\n<td>Hovedpine<\/td>\n<\/tr>\n<tr>\n<td>Muskelsmerter<\/td>\n<td>Menstruationsproblemer<\/td>\n<td>Maveproblemer<\/td>\n<\/tr>\n<tr>\n<td>Svimmelhed<\/td>\n<td>Sk\u00e6ren t\u00e6nder<\/td>\n<td>Sammenbidte k\u00e6ber<\/td>\n<\/tr>\n<tr>\n<td>Rygsmerter<\/td>\n<td>Diskus prolaps<\/td>\n<td>B\u00e6kkenl\u00f8sning<\/td>\n<\/tr>\n<tr>\n<td>Piskesm\u00e6ld problemer<\/td>\n<td>Indl\u00e6rings vanskeligheder\u00a0\u00a0\u00a0\u00a0\u00a0\u00a0\u00a0\u00a0\u00a0\u00a0<\/td>\n<td>Hyperaktivitet<\/td>\n<\/tr>\n<tr>\n<td>Koncentrationsbesv\u00e6r<\/td>\n<td>Autisme<\/td>\n<td>Tourette<\/td>\n<\/tr>\n<tr>\n<td>Spastiske lammelser<\/td>\n<td>Kolik<\/td>\n<td>\u00a0<\/td>\n<\/tr>\n<\/tbody>\n<\/table>\n<p>Behandlingen varer 1-1\/2 time.<\/p>\n<p>Behandling af b\u00f8rn varer fra\u00a030- 45 min.<\/p>\n","protected":false},"excerpt":{"rendered":"<p>Kranio-sakral systemet best\u00e5r af knogler i kraniet, ansigtet, rygs\u00f8jlen og korsbenet (sacrum), membranerne (hjernehinderne), som holder hjernen p\u00e5 plads i forhold til disse knogler og v\u00e6ske (cerebrospinalv\u00e6sken), som cirkulerer omkring hjernen og rygmarven. V\u00e6sken er n\u00f8dvendig for at hjernecellerne kan f\u00e5 n\u00e6ring og udskille affald. Denne v\u00e6ske virker ogs\u00e5 som hydraulisk st\u00f8dd\u00e6mper for at beskytte [&hellip;]<\/p>\n","protected":false},"author":1,"featured_media":0,"parent":0,"menu_order":3,"comment_status":"closed","ping_status":"open","template":"","meta":{"footnotes":""},"class_list":["post-4","page","type-page","status-publish","hentry"],"aioseo_notices":[],"_links":{"self":[{"href":"http:\/\/www.lenilykke.dk\/index.php?rest_route=\/wp\/v2\/pages\/4","targetHints":{"allow":["GET"]}}],"collection":[{"href":"http:\/\/www.lenilykke.dk\/index.php?rest_route=\/wp\/v2\/pages"}],"about":[{"href":"http:\/\/www.lenilykke.dk\/index.php?rest_route=\/wp\/v2\/types\/page"}],"author":[{"embeddable":true,"href":"http:\/\/www.lenilykke.dk\/index.php?rest_route=\/wp\/v2\/users\/1"}],"replies":[{"embeddable":true,"href":"http:\/\/www.lenilykke.dk\/index.php?rest_route=%2Fwp%2Fv2%2Fcomments&post=4"}],"version-history":[{"count":7,"href":"http:\/\/www.lenilykke.dk\/index.php?rest_route=\/wp\/v2\/pages\/4\/revisions"}],"predecessor-version":[{"id":61,"href":"http:\/\/www.lenilykke.dk\/index.php?rest_route=\/wp\/v2\/pages\/4\/revisions\/61"}],"wp:attachment":[{"href":"http:\/\/www.lenilykke.dk\/index.php?rest_route=%2Fwp%2Fv2%2Fmedia&parent=4"}],"curies":[{"name":"wp","href":"https:\/\/api.w.org\/{rel}","templated":true}]}}