{"id":40,"date":"2010-02-16T12:46:51","date_gmt":"2010-02-16T11:46:51","guid":{"rendered":"http:\/\/www.lenilykke.dk\/?page_id=40"},"modified":"2021-02-05T14:41:49","modified_gmt":"2021-02-05T13:41:49","slug":"velkommen","status":"publish","type":"page","link":"http:\/\/www.lenilykke.dk\/","title":{"rendered":"Velkommen"},"content":{"rendered":"<p>Jeg vil gerne byde dig velkommen her p\u00e5 min side, hvor du under menu kan klikke dig frem til de behandlingsformer jeg tilbyder.<\/p>\n<p>Jeg behandler hjemme, men kan komme til dig under s\u00e6rlige omst\u00e6ndigheder. (Et k\u00f8rsels gebyr till\u00e6gges)<\/p>\n<p>Mine behandlinger varierer fra ca. 45. min. til 2 timer.<\/p>\n<p style=\"text-align: center;\">Med venlig hilsen<br \/>\nLeni Lykke<\/p>\n","protected":false},"excerpt":{"rendered":"<p>Jeg vil gerne byde dig velkommen her p\u00e5 min side, hvor du under menu kan klikke dig frem til de behandlingsformer jeg tilbyder. Jeg behandler hjemme, men kan komme til dig under s\u00e6rlige omst\u00e6ndigheder. (Et k\u00f8rsels gebyr till\u00e6gges) Mine behandlinger varierer fra ca. 45. min. til 2 timer. Med venlig hilsen Leni Lykke<\/p>\n","protected":false},"author":1,"featured_media":0,"parent":0,"menu_order":0,"comment_status":"closed","ping_status":"open","template":"","meta":{"footnotes":""},"class_list":["post-40","page","type-page","status-publish","hentry"],"aioseo_notices":[],"_links":{"self":[{"href":"http:\/\/www.lenilykke.dk\/index.php?rest_route=\/wp\/v2\/pages\/40","targetHints":{"allow":["GET"]}}],"collection":[{"href":"http:\/\/www.lenilykke.dk\/index.php?rest_route=\/wp\/v2\/pages"}],"about":[{"href":"http:\/\/www.lenilykke.dk\/index.php?rest_route=\/wp\/v2\/types\/page"}],"author":[{"embeddable":true,"href":"http:\/\/www.lenilykke.dk\/index.php?rest_route=\/wp\/v2\/users\/1"}],"replies":[{"embeddable":true,"href":"http:\/\/www.lenilykke.dk\/index.php?rest_route=%2Fwp%2Fv2%2Fcomments&post=40"}],"version-history":[{"count":11,"href":"http:\/\/www.lenilykke.dk\/index.php?rest_route=\/wp\/v2\/pages\/40\/revisions"}],"predecessor-version":[{"id":127,"href":"http:\/\/www.lenilykke.dk\/index.php?rest_route=\/wp\/v2\/pages\/40\/revisions\/127"}],"wp:attachment":[{"href":"http:\/\/www.lenilykke.dk\/index.php?rest_route=%2Fwp%2Fv2%2Fmedia&parent=40"}],"curies":[{"name":"wp","href":"https:\/\/api.w.org\/{rel}","templated":true}]}}