{"id":44,"date":"2010-02-16T13:10:45","date_gmt":"2010-02-16T12:10:45","guid":{"rendered":"http:\/\/www.lenilykke.dk\/?page_id=44"},"modified":"2010-02-16T13:11:35","modified_gmt":"2010-02-16T12:11:35","slug":"klienternes-oplevelser","status":"publish","type":"page","link":"http:\/\/www.lenilykke.dk\/?page_id=44","title":{"rendered":"Klienternes oplevelser"},"content":{"rendered":"<p>K\u00e6re klienter<\/p>\n<p>Fort\u00e6l fort\u00e6l&#8230;<br \/>\nDel dine oplevelser med mig og de andre bes\u00f8gende her p\u00e5 siden.<\/p>\n","protected":false},"excerpt":{"rendered":"<p>K\u00e6re klienter Fort\u00e6l fort\u00e6l&#8230; Del dine oplevelser med mig og de andre bes\u00f8gende her p\u00e5 siden.<\/p>\n","protected":false},"author":1,"featured_media":0,"parent":0,"menu_order":8,"comment_status":"open","ping_status":"open","template":"","meta":{"footnotes":""},"class_list":["post-44","page","type-page","status-publish","hentry"],"aioseo_notices":[],"_links":{"self":[{"href":"http:\/\/www.lenilykke.dk\/index.php?rest_route=\/wp\/v2\/pages\/44","targetHints":{"allow":["GET"]}}],"collection":[{"href":"http:\/\/www.lenilykke.dk\/index.php?rest_route=\/wp\/v2\/pages"}],"about":[{"href":"http:\/\/www.lenilykke.dk\/index.php?rest_route=\/wp\/v2\/types\/page"}],"author":[{"embeddable":true,"href":"http:\/\/www.lenilykke.dk\/index.php?rest_route=\/wp\/v2\/users\/1"}],"replies":[{"embeddable":true,"href":"http:\/\/www.lenilykke.dk\/index.php?rest_route=%2Fwp%2Fv2%2Fcomments&post=44"}],"version-history":[{"count":2,"href":"http:\/\/www.lenilykke.dk\/index.php?rest_route=\/wp\/v2\/pages\/44\/revisions"}],"predecessor-version":[{"id":47,"href":"http:\/\/www.lenilykke.dk\/index.php?rest_route=\/wp\/v2\/pages\/44\/revisions\/47"}],"wp:attachment":[{"href":"http:\/\/www.lenilykke.dk\/index.php?rest_route=%2Fwp%2Fv2%2Fmedia&parent=44"}],"curies":[{"name":"wp","href":"https:\/\/api.w.org\/{rel}","templated":true}]}}